{"id":147,"date":"2024-04-03T16:55:25","date_gmt":"2024-04-03T14:55:25","guid":{"rendered":"https:\/\/aca.lyceelouisgiraud.fr\/?page_id=147"},"modified":"2024-04-09T18:50:38","modified_gmt":"2024-04-09T16:50:38","slug":"ateliers-jeux","status":"publish","type":"page","link":"https:\/\/aca.lyceelouisgiraud.fr\/index.php\/ateliers-jeux\/","title":{"rendered":"Ateliers Jeux"},"content":{"rendered":"<p>[et_pb_section fb_built=\u00a0\u00bb1&Prime; admin_label=\u00a0\u00bbHeader\u00a0\u00bb _builder_version=\u00a0\u00bb4.16&Prime; _module_preset=\u00a0\u00bbdefault\u00a0\u00bb background_color=\u00a0\u00bb#FFFAF4&Prime; custom_padding=\u00a0\u00bb||0px|||\u00a0\u00bb global_colors_info=\u00a0\u00bb{}\u00a0\u00bb][et_pb_row _builder_version=\u00a0\u00bb4.16&Prime; _module_preset=\u00a0\u00bbdefault\u00a0\u00bb global_colors_info=\u00a0\u00bb{}\u00a0\u00bb][et_pb_column type=\u00a0\u00bb4_4&Prime; _builder_version=\u00a0\u00bb4.16&Prime; _module_preset=\u00a0\u00bbdefault\u00a0\u00bb global_colors_info=\u00a0\u00bb{}\u00a0\u00bb][et_pb_text _builder_version=\u00a0\u00bb4.16&Prime; _module_preset=\u00a0\u00bbe598b17a-9229-42f6-b238-019d6094332e\u00a0\u00bb header_font=\u00a0\u00bbNoto Serif||||||||\u00a0\u00bb header_text_align=\u00a0\u00bbcenter\u00a0\u00bb header_text_color=\u00a0\u00bb#000000&Prime; header_font_size=\u00a0\u00bb90px\u00a0\u00bb header_line_height=\u00a0\u00bb1.1em\u00a0\u00bb custom_margin=\u00a0\u00bb||10px||false|false\u00a0\u00bb header_font_size_tablet=\u00a0\u00bb50px\u00a0\u00bb header_font_size_phone=\u00a0\u00bb30px\u00a0\u00bb header_font_size_last_edited=\u00a0\u00bbon|phone\u00a0\u00bb header_line_height_tablet=\u00a0\u00bb1.2em\u00a0\u00bb header_line_height_phone=\u00a0\u00bb1.2em\u00a0\u00bb header_line_height_last_edited=\u00a0\u00bbon|desktop\u00a0\u00bb locked=\u00a0\u00bboff\u00a0\u00bb global_colors_info=\u00a0\u00bb{}\u00a0\u00bb]<\/p>\n<h1>Atelier Jeux<\/h1>\n<p>[\/et_pb_text][\/et_pb_column][\/et_pb_row][\/et_pb_section][et_pb_section fb_built=\u00a0\u00bb1&Prime; admin_label=\u00a0\u00bbProjects\u00a0\u00bb _builder_version=\u00a0\u00bb4.16&Prime; _module_preset=\u00a0\u00bbdefault\u00a0\u00bb background_color=\u00a0\u00bb#FFFAF4&Prime; custom_padding=\u00a0\u00bb0px||||false|false\u00a0\u00bb global_colors_info=\u00a0\u00bb{%22gcid-3d886ef6-8731-4e14-8402-fb3e08bbe225%22:%91%22background_color%22%93}\u00a0\u00bb][et_pb_row column_structure=\u00a0\u00bb1_2,1_2&Prime; _builder_version=\u00a0\u00bb4.24.3&Prime; _module_preset=\u00a0\u00bbdefault\u00a0\u00bb width=\u00a0\u00bb71.3%\u00a0\u00bb custom_margin=\u00a0\u00bb|-536px||176px||\u00a0\u00bb custom_padding=\u00a0\u00bb|0px||||\u00a0\u00bb global_colors_info=\u00a0\u00bb{}\u00a0\u00bb][et_pb_column type=\u00a0\u00bb1_2&Prime; _builder_version=\u00a0\u00bb4.24.3&Prime; _module_preset=\u00a0\u00bbdefault\u00a0\u00bb global_colors_info=\u00a0\u00bb{}\u00a0\u00bb][et_pb_blurb title=\u00a0\u00bbCertains se jouent de la gravit\u00e9 !\u00a0\u00bb _builder_version=\u00a0\u00bb4.24.3&Prime; _module_preset=\u00a0\u00bbdefault\u00a0\u00bb background_color=\u00a0\u00bb#aee22b\u00a0\u00bb width=\u00a0\u00bb229.2%\u00a0\u00bb custom_margin=\u00a0\u00bb|||-99px||\u00a0\u00bb custom_padding=\u00a0\u00bb|676px||||\u00a0\u00bb global_colors_info=\u00a0\u00bb{}\u00a0\u00bb]<\/p>\n<p><img loading=\"lazy\" decoding=\"async\" src=\"https:\/\/aca.lyceelouisgiraud.fr\/wp-content\/uploads\/2024\/04\/IMG-20240403-WA0003-300x225.jpg\" width=\"300\" height=\"225\" alt=\"\" class=\"wp-image-46 alignnone size-medium\" \/><\/p>\n<p><strong>Gravitrax est un jeu de construction, qui se joue seul ou \u00e0 plusieurs.<\/strong><\/p>\n<p><strong>L&rsquo;objectif est de cr\u00e9er un parcours \u00e0 l&rsquo;aide de passerelles et de modules et de faire circuler une bille de m\u00e9tal.<\/strong><\/p>\n<p><strong>R\u00e9flexion et cr\u00e9ativit\u00e9 au rendez-vous !<\/strong><\/p>\n<p>[\/et_pb_blurb][\/et_pb_column][et_pb_column type=\u00a0\u00bb1_2&Prime; _builder_version=\u00a0\u00bb4.24.3&Prime; _module_preset=\u00a0\u00bbdefault\u00a0\u00bb global_colors_info=\u00a0\u00bb{}\u00a0\u00bb][et_pb_image src=\u00a0\u00bbhttps:\/\/aca.lyceelouisgiraud.fr\/wp-content\/uploads\/2024\/04\/IMG-20240403-WA0002.jpg\u00a0\u00bb title_text=\u00a0\u00bbIMG-20240403-WA0002&Prime; _builder_version=\u00a0\u00bb4.24.3&Prime; _module_preset=\u00a0\u00bbdefault\u00a0\u00bb min_height=\u00a0\u00bb313.9px\u00a0\u00bb custom_margin=\u00a0\u00bb|-258px||||\u00a0\u00bb custom_padding=\u00a0\u00bb|0px||0px||\u00a0\u00bb global_colors_info=\u00a0\u00bb{}\u00a0\u00bb][\/et_pb_image][\/et_pb_column][\/et_pb_row][\/et_pb_section][et_pb_section fb_built=\u00a0\u00bb1&Prime; specialty=\u00a0\u00bbon\u00a0\u00bb _builder_version=\u00a0\u00bb4.24.3&Prime; _module_preset=\u00a0\u00bbdefault\u00a0\u00bb global_colors_info=\u00a0\u00bb{}\u00a0\u00bb][et_pb_column type=\u00a0\u00bb1_3&Prime; _builder_version=\u00a0\u00bb4.16&Prime; custom_padding=\u00a0\u00bb|||\u00a0\u00bb global_colors_info=\u00a0\u00bb{}\u00a0\u00bb custom_padding__hover=\u00a0\u00bb|||\u00a0\u00bb][et_pb_blurb title=\u00a0\u00bbLe jeu en LAN\u00a0\u00bb image=\u00a0\u00bbhttps:\/\/aca.lyceelouisgiraud.fr\/wp-content\/uploads\/2024\/04\/IMG-20240403-WA0000.jpg\u00a0\u00bb _builder_version=\u00a0\u00bb4.24.3&Prime; _module_preset=\u00a0\u00bbdefault\u00a0\u00bb width=\u00a0\u00bb202.2%\u00a0\u00bb custom_margin=\u00a0\u00bb|5px|43px|-357px||\u00a0\u00bb custom_padding=\u00a0\u00bb|||0px||\u00a0\u00bb text_shadow_style=\u00a0\u00bbpreset5&Prime; text_shadow_color=\u00a0\u00bb#0C71C3&Prime; global_colors_info=\u00a0\u00bb{}\u00a0\u00bb]<\/p>\n<p>Viens te tester dans la salle informatique du lyc\u00e9e sur du jeu en r\u00e9seau ou LAN.<\/p>\n<p>Le plaisir de partager un moment sur un jeu en direct avec ses amis.<\/p>\n<p>[\/et_pb_blurb][\/et_pb_column][et_pb_column type=\u00a0\u00bb2_3&Prime; specialty_columns=\u00a0\u00bb2&Prime; _builder_version=\u00a0\u00bb4.16&Prime; custom_padding=\u00a0\u00bb|||\u00a0\u00bb global_colors_info=\u00a0\u00bb{}\u00a0\u00bb custom_padding__hover=\u00a0\u00bb|||\u00a0\u00bb][et_pb_row_inner column_structure=\u00a0\u00bb1_2,1_2&Prime; _builder_version=\u00a0\u00bb4.24.3&Prime; _module_preset=\u00a0\u00bbdefault\u00a0\u00bb global_colors_info=\u00a0\u00bb{}\u00a0\u00bb][et_pb_column_inner type=\u00a0\u00bb1_2&Prime; saved_specialty_column_type=\u00a0\u00bb2_3&Prime; _builder_version=\u00a0\u00bb4.24.3&Prime; _module_preset=\u00a0\u00bbdefault\u00a0\u00bb global_colors_info=\u00a0\u00bb{}\u00a0\u00bb][et_pb_image src=\u00a0\u00bbhttps:\/\/aca.lyceelouisgiraud.fr\/wp-content\/uploads\/2024\/04\/IMG-20240403-WA0009.jpg\u00a0\u00bb title_text=\u00a0\u00bbIMG-20240403-WA0009&Prime; _builder_version=\u00a0\u00bb4.24.3&Prime; _module_preset=\u00a0\u00bbdefault\u00a0\u00bb global_colors_info=\u00a0\u00bb{}\u00a0\u00bb][\/et_pb_image][\/et_pb_column_inner][et_pb_column_inner type=\u00a0\u00bb1_2&Prime; saved_specialty_column_type=\u00a0\u00bb2_3&Prime; _builder_version=\u00a0\u00bb4.24.3&Prime; _module_preset=\u00a0\u00bbdefault\u00a0\u00bb global_colors_info=\u00a0\u00bb{}\u00a0\u00bb][et_pb_image src=\u00a0\u00bbhttps:\/\/aca.lyceelouisgiraud.fr\/wp-content\/uploads\/2024\/04\/IMG-20240403-WA0008.jpg\u00a0\u00bb title_text=\u00a0\u00bbIMG-20240403-WA0008&Prime; _builder_version=\u00a0\u00bb4.24.3&Prime; _module_preset=\u00a0\u00bbdefault\u00a0\u00bb global_colors_info=\u00a0\u00bb{}\u00a0\u00bb][\/et_pb_image][\/et_pb_column_inner][\/et_pb_row_inner][\/et_pb_column][\/et_pb_section]<\/p>\n","protected":false},"excerpt":{"rendered":"<p>Atelier Jeux Gravitrax est un jeu de construction, qui se joue seul ou \u00e0 plusieurs. L&rsquo;objectif est de cr\u00e9er un parcours \u00e0 l&rsquo;aide de passerelles et de modules et de faire circuler une bille de m\u00e9tal. R\u00e9flexion et cr\u00e9ativit\u00e9 au rendez-vous !Viens te tester dans la salle informatique du lyc\u00e9e sur du jeu en r\u00e9seau [&hellip;]<\/p>\n","protected":false},"author":2,"featured_media":0,"parent":0,"menu_order":1,"comment_status":"closed","ping_status":"closed","template":"","meta":{"_et_pb_use_builder":"on","_et_pb_old_content":"<!-- wp:paragraph {\"align\":\"center\"} -->\n<p class=\"has-text-align-center\"><strong>Viens te tester sur des jeux en LAN<\/strong><\/p>\n<!-- \/wp:paragraph -->\n\n<!-- wp:navigation {\"ref\":136} \/-->\n\n<!-- wp:image {\"id\":43,\"sizeSlug\":\"full\",\"linkDestination\":\"none\",\"align\":\"wide\",\"className\":\"is-style-rounded\"} -->\n<figure class=\"wp-block-image alignwide size-full is-style-rounded\"><img src=\"https:\/\/aca.lyceelouisgiraud.fr\/wp-content\/uploads\/2024\/04\/IMG-20240403-WA0000.jpg\" alt=\"\" class=\"wp-image-43\"\/><\/figure>\n<!-- \/wp:image -->\n\n<!-- wp:group {\"style\":{\"spacing\":{\"blockGap\":\"0px\"}},\"layout\":{\"type\":\"constrained\",\"contentSize\":\"565px\"}} -->\n<div class=\"wp-block-group\"><!-- wp:image {\"id\":51,\"sizeSlug\":\"large\",\"linkDestination\":\"none\"} -->\n<figure class=\"wp-block-image size-large\"><img src=\"https:\/\/aca.lyceelouisgiraud.fr\/wp-content\/uploads\/2024\/04\/IMG-20240403-WA0008-1024x768.jpg\" alt=\"\" class=\"wp-image-51\"\/><\/figure>\n<!-- \/wp:image --><\/div>\n<!-- \/wp:group -->\n\n<!-- wp:group {\"align\":\"full\",\"style\":{\"spacing\":{\"padding\":{\"top\":\"var:preset|spacing|50\",\"bottom\":\"var:preset|spacing|50\",\"left\":\"var:preset|spacing|50\",\"right\":\"var:preset|spacing|50\"}}},\"layout\":{\"type\":\"flex\",\"flexWrap\":\"nowrap\",\"justifyContent\":\"left\"}} -->\n<div class=\"wp-block-group alignfull\" style=\"padding-top:var(--wp--preset--spacing--50);padding-right:var(--wp--preset--spacing--50);padding-bottom:var(--wp--preset--spacing--50);padding-left:var(--wp--preset--spacing--50)\"><!-- wp:image {\"id\":52,\"sizeSlug\":\"large\",\"linkDestination\":\"none\"} -->\n<figure class=\"wp-block-image size-large\"><img src=\"https:\/\/aca.lyceelouisgiraud.fr\/wp-content\/uploads\/2024\/04\/IMG-20240403-WA0009-1024x768.jpg\" alt=\"\" class=\"wp-image-52\"\/><\/figure>\n<!-- \/wp:image -->\n\n<!-- wp:paragraph -->\n<p><\/p>\n<!-- \/wp:paragraph --><\/div>\n<!-- \/wp:group -->\n\n<!-- wp:group {\"align\":\"full\",\"style\":{\"spacing\":{\"padding\":{\"top\":\"var:preset|spacing|50\",\"bottom\":\"var:preset|spacing|50\",\"left\":\"var:preset|spacing|50\",\"right\":\"var:preset|spacing|50\"}}},\"layout\":{\"type\":\"flex\",\"flexWrap\":\"nowrap\"}} -->\n<div class=\"wp-block-group alignfull\" style=\"padding-top:var(--wp--preset--spacing--50);padding-right:var(--wp--preset--spacing--50);padding-bottom:var(--wp--preset--spacing--50);padding-left:var(--wp--preset--spacing--50)\"><!-- wp:group {\"style\":{\"spacing\":{\"blockGap\":\"0px\"}},\"layout\":{\"type\":\"constrained\",\"contentSize\":\"565px\"}} -->\n<div class=\"wp-block-group\"><!-- wp:heading {\"textAlign\":\"center\",\"level\":1,\"fontSize\":\"x-large\"} -->\n<h1 class=\"wp-block-heading has-text-align-center has-x-large-font-size\">Viens t'amuser avec la gravit\u00e9 avec le jeu \"Gravitrax\"<\/h1>\n<!-- \/wp:heading -->\n\n<!-- wp:spacer {\"height\":\"1.25rem\"} -->\n<div style=\"height:1.25rem\" aria-hidden=\"true\" class=\"wp-block-spacer\"><\/div>\n<!-- \/wp:spacer --><\/div>\n<!-- \/wp:group -->\n\n<!-- wp:spacer {\"height\":\"var:preset|spacing|30\",\"width\":\"0px\",\"style\":{\"layout\":{\"flexSize\":\"min(2.5rem, 3vw)\",\"selfStretch\":\"fixed\"}}} -->\n<div style=\"height:var(--wp--preset--spacing--30);width:0px\" aria-hidden=\"true\" class=\"wp-block-spacer\"><\/div>\n<!-- \/wp:spacer -->\n\n<!-- wp:image {\"id\":109,\"sizeSlug\":\"full\",\"linkDestination\":\"none\",\"align\":\"wide\",\"className\":\"is-style-rounded\"} -->\n<figure class=\"wp-block-image alignwide size-full is-style-rounded\"><img src=\"https:\/\/aca.lyceelouisgiraud.fr\/wp-content\/uploads\/2024\/04\/IMG-20240403-WA0001-1.jpg\" alt=\"\" class=\"wp-image-109\"\/><\/figure>\n<!-- \/wp:image -->\n\n<!-- wp:image {\"id\":110,\"sizeSlug\":\"large\",\"linkDestination\":\"none\"} -->\n<figure class=\"wp-block-image size-large\"><img src=\"https:\/\/aca.lyceelouisgiraud.fr\/wp-content\/uploads\/2024\/04\/IMG-20240403-WA0002-1-1024x768.jpg\" alt=\"\" class=\"wp-image-110\"\/><\/figure>\n<!-- \/wp:image -->\n\n<!-- wp:image {\"id\":46,\"sizeSlug\":\"large\",\"linkDestination\":\"none\"} -->\n<figure class=\"wp-block-image size-large\"><img src=\"https:\/\/aca.lyceelouisgiraud.fr\/wp-content\/uploads\/2024\/04\/IMG-20240403-WA0003-1024x768.jpg\" alt=\"\" class=\"wp-image-46\"\/><\/figure>\n<!-- \/wp:image --><\/div>\n<!-- \/wp:group -->","_et_gb_content_width":"","footnotes":""},"_links":{"self":[{"href":"https:\/\/aca.lyceelouisgiraud.fr\/index.php\/wp-json\/wp\/v2\/pages\/147"}],"collection":[{"href":"https:\/\/aca.lyceelouisgiraud.fr\/index.php\/wp-json\/wp\/v2\/pages"}],"about":[{"href":"https:\/\/aca.lyceelouisgiraud.fr\/index.php\/wp-json\/wp\/v2\/types\/page"}],"author":[{"embeddable":true,"href":"https:\/\/aca.lyceelouisgiraud.fr\/index.php\/wp-json\/wp\/v2\/users\/2"}],"replies":[{"embeddable":true,"href":"https:\/\/aca.lyceelouisgiraud.fr\/index.php\/wp-json\/wp\/v2\/comments?post=147"}],"version-history":[{"count":11,"href":"https:\/\/aca.lyceelouisgiraud.fr\/index.php\/wp-json\/wp\/v2\/pages\/147\/revisions"}],"predecessor-version":[{"id":337,"href":"https:\/\/aca.lyceelouisgiraud.fr\/index.php\/wp-json\/wp\/v2\/pages\/147\/revisions\/337"}],"wp:attachment":[{"href":"https:\/\/aca.lyceelouisgiraud.fr\/index.php\/wp-json\/wp\/v2\/media?parent=147"}],"curies":[{"name":"wp","href":"https:\/\/api.w.org\/{rel}","templated":true}]}}